{"id":6520,"date":"2025-02-06T04:17:41","date_gmt":"2025-02-06T04:17:41","guid":{"rendered":"https:\/\/cbcharta.ch\/?page_id=6520"},"modified":"2025-11-24T05:09:26","modified_gmt":"2025-11-24T05:09:26","slug":"publikationen","status":"publish","type":"page","link":"https:\/\/cbcharta.ch\/fr_ch\/publikationen\/","title":{"rendered":"Publications"},"content":{"rendered":"<div data-elementor-type=\"wp-page\" data-elementor-id=\"6520\" class=\"elementor elementor-6520\">\n\t\t\t\t\t\t<section class=\"elementor-section elementor-top-section elementor-element elementor-element-5aaa06f elementor-section-boxed elementor-section-height-default elementor-section-height-default wpr-particle-no wpr-jarallax-no wpr-parallax-no wpr-sticky-section-no\" data-id=\"5aaa06f\" data-element_type=\"section\">\n\t\t\t\t\t\t<div class=\"elementor-container elementor-column-gap-default\">\n\t\t\t\t\t<div class=\"elementor-column elementor-col-100 elementor-top-column elementor-element elementor-element-8f2fa21\" data-id=\"8f2fa21\" data-element_type=\"column\">\n\t\t\t<div class=\"elementor-widget-wrap elementor-element-populated\">\n\t\t\t\t\t\t<section class=\"elementor-section elementor-inner-section elementor-element elementor-element-9e4d139 elementor-section-boxed elementor-section-height-default elementor-section-height-default wpr-particle-no wpr-jarallax-no wpr-parallax-no wpr-sticky-section-no\" data-id=\"9e4d139\" data-element_type=\"section\">\n\t\t\t\t\t\t<div class=\"elementor-container elementor-column-gap-default\">\n\t\t\t\t\t<div class=\"elementor-column elementor-col-100 elementor-inner-column elementor-element elementor-element-7e8608e\" data-id=\"7e8608e\" data-element_type=\"column\">\n\t\t\t<div class=\"elementor-widget-wrap elementor-element-populated\">\n\t\t\t\t\t\t<div class=\"elementor-element elementor-element-8136a25 elementor-widget elementor-widget-heading\" data-id=\"8136a25\" data-element_type=\"widget\" data-widget_type=\"heading.default\">\n\t\t\t\t<div class=\"elementor-widget-container\">\n\t\t\t\t\t<h1 class=\"elementor-heading-title elementor-size-default\">Publications<\/h1>\t\t\t\t<\/div>\n\t\t\t\t<\/div>\n\t\t\t\t\t<\/div>\n\t\t<\/div>\n\t\t\t\t\t<\/div>\n\t\t<\/section>\n\t\t\t\t\t<\/div>\n\t\t<\/div>\n\t\t\t\t\t<\/div>\n\t\t<\/section>\n\t\t\t\t<section class=\"elementor-section elementor-top-section elementor-element elementor-element-2ce501b elementor-section-boxed elementor-section-height-default elementor-section-height-default wpr-particle-no wpr-jarallax-no wpr-parallax-no wpr-sticky-section-no\" data-id=\"2ce501b\" data-element_type=\"section\">\n\t\t\t\t\t\t<div class=\"elementor-container elementor-column-gap-default\">\n\t\t\t\t\t<div class=\"elementor-column elementor-col-100 elementor-top-column elementor-element elementor-element-a51f719\" data-id=\"a51f719\" data-element_type=\"column\">\n\t\t\t<div class=\"elementor-widget-wrap elementor-element-populated\">\n\t\t\t\t\t\t<section class=\"elementor-section elementor-inner-section elementor-element elementor-element-71aed57 elementor-section-boxed elementor-section-height-default elementor-section-height-default wpr-particle-no wpr-jarallax-no wpr-parallax-no wpr-sticky-section-no\" data-id=\"71aed57\" data-element_type=\"section\">\n\t\t\t\t\t\t<div class=\"elementor-container elementor-column-gap-default\">\n\t\t\t\t\t<div class=\"elementor-column elementor-col-100 elementor-inner-column elementor-element elementor-element-85e8cf0\" data-id=\"85e8cf0\" data-element_type=\"column\">\n\t\t\t<div class=\"elementor-widget-wrap elementor-element-populated\">\n\t\t\t\t\t\t<div class=\"elementor-element elementor-element-3c4c3d5 elementor-widget elementor-widget-spacer\" data-id=\"3c4c3d5\" data-element_type=\"widget\" data-widget_type=\"spacer.default\">\n\t\t\t\t<div class=\"elementor-widget-container\">\n\t\t\t\t\t\t\t<div class=\"elementor-spacer\">\n\t\t\t<div class=\"elementor-spacer-inner\"><\/div>\n\t\t<\/div>\n\t\t\t\t\t\t<\/div>\n\t\t\t\t<\/div>\n\t\t\t\t<div class=\"elementor-element elementor-element-5cda4d9 elementor-widget elementor-widget-heading\" data-id=\"5cda4d9\" data-element_type=\"widget\" data-widget_type=\"heading.default\">\n\t\t\t\t<div class=\"elementor-widget-container\">\n\t\t\t\t\t<h2 class=\"elementor-heading-title elementor-size-default\">Whitepaper Scope 3 - Real Estate<\/h2>\t\t\t\t<\/div>\n\t\t\t\t<\/div>\n\t\t\t\t<div class=\"elementor-element elementor-element-595ed42 elementor-widget elementor-widget-text-editor\" data-id=\"595ed42\" data-element_type=\"widget\" data-widget_type=\"text-editor.default\">\n\t\t\t\t<div class=\"elementor-widget-container\">\n\t\t\t\t\t\t\t\t\t<p>2025 15 septembre. DE. <a style=\"color: #2f80ed;\" href=\"https:\/\/cbcharta.ch\/wp-content\/uploads\/2025\/09\/250915_Whitepaper_Scope3.pdf\" target=\"_blank\" rel=\"noopener\"><strong>Whitepaper Scope 3 \u2013 Real Estate<\/strong><\/a><br \/>2025 15 septembre. DE. <a style=\"color: #2f80ed;\" href=\"https:\/\/cbcharta.ch\/wp-content\/uploads\/2025\/09\/250915_Uebersicht-Factsheet.pdf\" target=\"_blank\" rel=\"noopener\"><strong>\u00dcbersicht Factsheet<\/strong><\/a><\/p><div class=\"page\" title=\"Page 1\"><div class=\"layoutArea\">\u00a0<\/div><\/div>\t\t\t\t\t\t\t\t<\/div>\n\t\t\t\t<\/div>\n\t\t\t\t\t<\/div>\n\t\t<\/div>\n\t\t\t\t\t<\/div>\n\t\t<\/section>\n\t\t\t\t<section class=\"elementor-section elementor-inner-section elementor-element elementor-element-d8a275a elementor-section-boxed elementor-section-height-default elementor-section-height-default wpr-particle-no wpr-jarallax-no wpr-parallax-no wpr-sticky-section-no\" data-id=\"d8a275a\" data-element_type=\"section\">\n\t\t\t\t\t\t<div class=\"elementor-container elementor-column-gap-default\">\n\t\t\t\t\t<div class=\"elementor-column elementor-col-100 elementor-inner-column elementor-element elementor-element-3d70eb2\" data-id=\"3d70eb2\" data-element_type=\"column\">\n\t\t\t<div class=\"elementor-widget-wrap elementor-element-populated\">\n\t\t\t\t\t\t<div class=\"elementor-element elementor-element-757d99d elementor-widget elementor-widget-heading\" data-id=\"757d99d\" data-element_type=\"widget\" data-widget_type=\"heading.default\">\n\t\t\t\t<div class=\"elementor-widget-container\">\n\t\t\t\t\t<h2 class=\"elementor-heading-title elementor-size-default\">CBC-Leitfaden<\/h2>\t\t\t\t<\/div>\n\t\t\t\t<\/div>\n\t\t\t\t<div class=\"elementor-element elementor-element-868f7af elementor-widget elementor-widget-text-editor\" data-id=\"868f7af\" data-element_type=\"widget\" data-widget_type=\"text-editor.default\">\n\t\t\t\t<div class=\"elementor-widget-container\">\n\t\t\t\t\t\t\t\t\t<p>2025 11 f\u00e9vrier. DE. <a style=\"color: #2f80ed;\" href=\"https:\/\/cbcharta.ch\/wp-content\/uploads\/2025\/02\/CBC-Leitfaden_Feb25.pdf\" target=\"_blank\" rel=\"noopener\"><strong>CBC-Leitfaden<\/strong><\/a><br \/>2025 11 f\u00e9vrier. DE. <a style=\"color: #2f80ed;\" href=\"https:\/\/cbcharta.ch\/wp-content\/uploads\/2025\/02\/CBC-Framework_Feb25.pdf\" target=\"_blank\" rel=\"noopener\"><strong>CBC-Framework<\/strong><\/a>\u00a0\u2013 als \u00dcbersicht zum Leitfaden<\/p><p>2025 11 f\u00e9vrier. FR. <a style=\"color: #2f80ed;\" href=\"https:\/\/cbcharta.ch\/wp-content\/uploads\/2025\/10\/CBC-Guide_Fevr.25.pdf\" target=\"_blank\" rel=\"noopener\"><strong>Guide CBC<\/strong><\/a><br \/>2025 11 f\u00e9vrier. FR. <a style=\"color: #2f80ed;\" href=\"https:\/\/cbcharta.ch\/wp-content\/uploads\/2025\/10\/CBC-Cadre_Fevr.25.pdf\" target=\"_blank\" rel=\"noopener\"><strong>CBC-Cadre<\/strong><\/a> - comme aper\u00e7u du guide<\/p><div class=\"page\" title=\"Page 1\"><div class=\"layoutArea\">\u00a0<\/div><\/div>\t\t\t\t\t\t\t\t<\/div>\n\t\t\t\t<\/div>\n\t\t\t\t\t<\/div>\n\t\t<\/div>\n\t\t\t\t\t<\/div>\n\t\t<\/section>\n\t\t\t\t<section class=\"elementor-section elementor-inner-section elementor-element elementor-element-bace505 elementor-section-boxed elementor-section-height-default elementor-section-height-default wpr-particle-no wpr-jarallax-no wpr-parallax-no wpr-sticky-section-no\" data-id=\"bace505\" data-element_type=\"section\">\n\t\t\t\t\t\t<div class=\"elementor-container elementor-column-gap-default\">\n\t\t\t\t\t<div class=\"elementor-column elementor-col-100 elementor-inner-column elementor-element elementor-element-26ff8f7\" data-id=\"26ff8f7\" data-element_type=\"column\">\n\t\t\t<div class=\"elementor-widget-wrap elementor-element-populated\">\n\t\t\t\t\t\t<div class=\"elementor-element elementor-element-79e02bc elementor-widget elementor-widget-heading\" data-id=\"79e02bc\" data-element_type=\"widget\" data-widget_type=\"heading.default\">\n\t\t\t\t<div class=\"elementor-widget-container\">\n\t\t\t\t\t<h2 class=\"elementor-heading-title elementor-size-default\">Pitch<\/h2>\t\t\t\t<\/div>\n\t\t\t\t<\/div>\n\t\t\t\t<div class=\"elementor-element elementor-element-d5bc291 elementor-widget elementor-widget-text-editor\" data-id=\"d5bc291\" data-element_type=\"widget\" data-widget_type=\"text-editor.default\">\n\t\t\t\t<div class=\"elementor-widget-container\">\n\t\t\t\t\t\t\t\t\t<p>2025 07 janvier. DE. <a style=\"color: #2f80ed;\" href=\"https:\/\/cbcharta.ch\/wp-content\/uploads\/2025\/07\/CBC-Pitch_Jun25.pdf\" target=\"_blank\" rel=\"noopener\"><strong>CBC Pitch<\/strong><\/a><\/p><div class=\"page\" title=\"Page 1\"><div class=\"layoutArea\">\u00a0<\/div><\/div>\t\t\t\t\t\t\t\t<\/div>\n\t\t\t\t<\/div>\n\t\t\t\t\t<\/div>\n\t\t<\/div>\n\t\t\t\t\t<\/div>\n\t\t<\/section>\n\t\t\t\t\t<\/div>\n\t\t<\/div>\n\t\t\t\t\t<\/div>\n\t\t<\/section>\n\t\t\t\t<section class=\"elementor-section elementor-top-section elementor-element elementor-element-6accedb elementor-section-boxed elementor-section-height-default elementor-section-height-default wpr-particle-no wpr-jarallax-no wpr-parallax-no wpr-sticky-section-no\" data-id=\"6accedb\" data-element_type=\"section\">\n\t\t\t\t\t\t<div class=\"elementor-container elementor-column-gap-default\">\n\t\t\t\t\t<div class=\"elementor-column elementor-col-100 elementor-top-column elementor-element elementor-element-739cdde\" data-id=\"739cdde\" data-element_type=\"column\">\n\t\t\t<div class=\"elementor-widget-wrap\">\n\t\t\t\t\t\t\t<\/div>\n\t\t<\/div>\n\t\t\t\t\t<\/div>\n\t\t<\/section>\n\t\t\t\t<\/div>","protected":false},"excerpt":{"rendered":"<p>Publications Livre blanc Scope 3 - Real Estate 2025 15 septembre. FR. Whitepaper Scope 3 - Real Estate2025 15 septembre. FR. Aper\u00e7u Factsheet Guide CBC 2025 11 f\u00e9vrier. FR. Guide CBC2025 11 f\u00e9vrier. DE. CBC-Framework - comme aper\u00e7u du guide 2025 11. f\u00e9vrier. FR. Guide CBC2025 11. f\u00e9vrier. FR. CBC-Cadre - comme aper\u00e7u du guide Pitch 2025 07 janvier. FR. CBC Pitch \u00a0<\/p>","protected":false},"author":20,"featured_media":1841,"parent":0,"menu_order":0,"comment_status":"closed","ping_status":"closed","template":"elementor_header_footer","meta":{"footnotes":""},"class_list":["post-6520","page","type-page","status-publish","has-post-thumbnail","hentry"],"yoast_head":"<!-- This site is optimized with the Yoast SEO plugin v26.4 - https:\/\/yoast.com\/wordpress\/plugins\/seo\/ -->\n<title>\u00abCharta Kreislauforientiertes Bauen\u00bb<\/title>\n<meta name=\"description\" content=\"Die \u00abCharta Kreislauforientiertes Bauen\u00bb ist ein Zusammenschluss von Bauherrschaften in der Schweiz und verfolgt nachhaltiges und klimabewusstes Bauen.\" \/>\n<meta name=\"robots\" content=\"index, follow, max-snippet:-1, max-image-preview:large, max-video-preview:-1\" \/>\n<link rel=\"canonical\" href=\"https:\/\/cbcharta.ch\/fr_ch\/publikationen\/\" \/>\n<meta property=\"og:locale\" content=\"fr_FR\" \/>\n<meta property=\"og:type\" content=\"article\" \/>\n<meta property=\"og:title\" content=\"\u00abCharta Kreislauforientiertes Bauen\u00bb\" \/>\n<meta property=\"og:description\" content=\"Die \u00abCharta Kreislauforientiertes Bauen\u00bb ist ein Zusammenschluss von Bauherrschaften in der Schweiz und verfolgt nachhaltiges und klimabewusstes Bauen.\" \/>\n<meta property=\"og:url\" content=\"https:\/\/cbcharta.ch\/fr_ch\/publikationen\/\" \/>\n<meta property=\"og:site_name\" content=\"\u00abCharta Kreislauforientiertes Bauen\u00bb\" \/>\n<meta property=\"article:modified_time\" content=\"2025-11-24T05:09:26+00:00\" \/>\n<meta property=\"og:image\" content=\"https:\/\/cbcharta.ch\/wp-content\/uploads\/2023\/06\/cropped-CBC_logo_Blue_DE-1.png\" \/>\n\t<meta property=\"og:image:width\" content=\"1490\" \/>\n\t<meta property=\"og:image:height\" content=\"900\" \/>\n\t<meta property=\"og:image:type\" content=\"image\/png\" \/>\n<meta name=\"twitter:card\" content=\"summary_large_image\" \/>\n<meta name=\"twitter:label1\" content=\"Dur\u00e9e de lecture estim\u00e9e\" \/>\n\t<meta name=\"twitter:data1\" content=\"1 minute\" \/>\n<script type=\"application\/ld+json\" class=\"yoast-schema-graph\">{\"@context\":\"https:\/\/schema.org\",\"@graph\":[{\"@type\":\"WebPage\",\"@id\":\"https:\/\/cbcharta.ch\/publikationen\/\",\"url\":\"https:\/\/cbcharta.ch\/publikationen\/\",\"name\":\"\u00abCharta Kreislauforientiertes Bauen\u00bb\",\"isPartOf\":{\"@id\":\"https:\/\/cbcharta.ch\/en_us\/#website\"},\"primaryImageOfPage\":{\"@id\":\"https:\/\/cbcharta.ch\/publikationen\/#primaryimage\"},\"image\":{\"@id\":\"https:\/\/cbcharta.ch\/publikationen\/#primaryimage\"},\"thumbnailUrl\":\"https:\/\/cbcharta.ch\/wp-content\/uploads\/2023\/06\/CBC_logo_Blue_DE.png\",\"datePublished\":\"2025-02-06T04:17:41+00:00\",\"dateModified\":\"2025-11-24T05:09:26+00:00\",\"description\":\"Die \u00abCharta Kreislauforientiertes Bauen\u00bb ist ein Zusammenschluss von Bauherrschaften in der Schweiz und verfolgt nachhaltiges und klimabewusstes Bauen.\",\"breadcrumb\":{\"@id\":\"https:\/\/cbcharta.ch\/publikationen\/#breadcrumb\"},\"inLanguage\":\"fr-FR\",\"potentialAction\":[{\"@type\":\"ReadAction\",\"target\":[\"https:\/\/cbcharta.ch\/publikationen\/\"]}]},{\"@type\":\"ImageObject\",\"inLanguage\":\"fr-FR\",\"@id\":\"https:\/\/cbcharta.ch\/publikationen\/#primaryimage\",\"url\":\"https:\/\/cbcharta.ch\/wp-content\/uploads\/2023\/06\/CBC_logo_Blue_DE.png\",\"contentUrl\":\"https:\/\/cbcharta.ch\/wp-content\/uploads\/2023\/06\/CBC_logo_Blue_DE.png\",\"width\":1490,\"height\":900},{\"@type\":\"BreadcrumbList\",\"@id\":\"https:\/\/cbcharta.ch\/publikationen\/#breadcrumb\",\"itemListElement\":[{\"@type\":\"ListItem\",\"position\":1,\"name\":\"Home\",\"item\":\"https:\/\/cbcharta.ch\/\"},{\"@type\":\"ListItem\",\"position\":2,\"name\":\"Publikationen\"}]},{\"@type\":\"WebSite\",\"@id\":\"https:\/\/cbcharta.ch\/en_us\/#website\",\"url\":\"https:\/\/cbcharta.ch\/en_us\/\",\"name\":\"\u00abCharta Kreislauforientiertes Bauen\u00bb\",\"description\":\"\",\"publisher\":{\"@id\":\"https:\/\/cbcharta.ch\/en_us\/#organization\"},\"potentialAction\":[{\"@type\":\"SearchAction\",\"target\":{\"@type\":\"EntryPoint\",\"urlTemplate\":\"https:\/\/cbcharta.ch\/en_us\/?s={search_term_string}\"},\"query-input\":{\"@type\":\"PropertyValueSpecification\",\"valueRequired\":true,\"valueName\":\"search_term_string\"}}],\"inLanguage\":\"fr-FR\"},{\"@type\":\"Organization\",\"@id\":\"https:\/\/cbcharta.ch\/en_us\/#organization\",\"name\":\"\u00abCharta Kreislauforientiertes Bauen\u00bb\",\"url\":\"https:\/\/cbcharta.ch\/en_us\/\",\"logo\":{\"@type\":\"ImageObject\",\"inLanguage\":\"fr-FR\",\"@id\":\"https:\/\/cbcharta.ch\/en_us\/#\/schema\/logo\/image\/\",\"url\":\"https:\/\/cbcharta.ch\/wp-content\/uploads\/2023\/06\/cropped-CBC_logo_Blue_DE-1.png\",\"contentUrl\":\"https:\/\/cbcharta.ch\/wp-content\/uploads\/2023\/06\/cropped-CBC_logo_Blue_DE-1.png\",\"width\":1489,\"height\":900,\"caption\":\"\u00abCharta Kreislauforientiertes Bauen\u00bb\"},\"image\":{\"@id\":\"https:\/\/cbcharta.ch\/en_us\/#\/schema\/logo\/image\/\"}}]}<\/script>\n<!-- \/ Yoast SEO plugin. -->","yoast_head_json":{"title":"\"Charte de la construction circulaire\"","description":"La \"Charte de la construction orient\u00e9e vers le cycle\" est un regroupement de ma\u00eetres d'ouvrage en Suisse et poursuit une construction durable et respectueuse du climat.","robots":{"index":"index","follow":"follow","max-snippet":"max-snippet:-1","max-image-preview":"max-image-preview:large","max-video-preview":"max-video-preview:-1"},"canonical":"https:\/\/cbcharta.ch\/fr_ch\/publikationen\/","og_locale":"fr_FR","og_type":"article","og_title":"\u00abCharta Kreislauforientiertes Bauen\u00bb","og_description":"Die \u00abCharta Kreislauforientiertes Bauen\u00bb ist ein Zusammenschluss von Bauherrschaften in der Schweiz und verfolgt nachhaltiges und klimabewusstes Bauen.","og_url":"https:\/\/cbcharta.ch\/fr_ch\/publikationen\/","og_site_name":"\u00abCharta Kreislauforientiertes Bauen\u00bb","article_modified_time":"2025-11-24T05:09:26+00:00","og_image":[{"width":1490,"height":900,"url":"https:\/\/cbcharta.ch\/wp-content\/uploads\/2023\/06\/cropped-CBC_logo_Blue_DE-1.png","type":"image\/png"}],"twitter_card":"summary_large_image","twitter_misc":{"Dur\u00e9e de lecture estim\u00e9e":"1 minute"},"schema":{"@context":"https:\/\/schema.org","@graph":[{"@type":"WebPage","@id":"https:\/\/cbcharta.ch\/publikationen\/","url":"https:\/\/cbcharta.ch\/publikationen\/","name":"\"Charte de la construction circulaire\"","isPartOf":{"@id":"https:\/\/cbcharta.ch\/en_us\/#website"},"primaryImageOfPage":{"@id":"https:\/\/cbcharta.ch\/publikationen\/#primaryimage"},"image":{"@id":"https:\/\/cbcharta.ch\/publikationen\/#primaryimage"},"thumbnailUrl":"https:\/\/cbcharta.ch\/wp-content\/uploads\/2023\/06\/CBC_logo_Blue_DE.png","datePublished":"2025-02-06T04:17:41+00:00","dateModified":"2025-11-24T05:09:26+00:00","description":"La \"Charte de la construction orient\u00e9e vers le cycle\" est un regroupement de ma\u00eetres d'ouvrage en Suisse et poursuit une construction durable et respectueuse du climat.","breadcrumb":{"@id":"https:\/\/cbcharta.ch\/publikationen\/#breadcrumb"},"inLanguage":"fr-FR","potentialAction":[{"@type":"ReadAction","target":["https:\/\/cbcharta.ch\/publikationen\/"]}]},{"@type":"ImageObject","inLanguage":"fr-FR","@id":"https:\/\/cbcharta.ch\/publikationen\/#primaryimage","url":"https:\/\/cbcharta.ch\/wp-content\/uploads\/2023\/06\/CBC_logo_Blue_DE.png","contentUrl":"https:\/\/cbcharta.ch\/wp-content\/uploads\/2023\/06\/CBC_logo_Blue_DE.png","width":1490,"height":900},{"@type":"BreadcrumbList","@id":"https:\/\/cbcharta.ch\/publikationen\/#breadcrumb","itemListElement":[{"@type":"ListItem","position":1,"name":"Home","item":"https:\/\/cbcharta.ch\/"},{"@type":"ListItem","position":2,"name":"Publikationen"}]},{"@type":"WebSite","@id":"https:\/\/cbcharta.ch\/en_us\/#website","url":"https:\/\/cbcharta.ch\/en_us\/","name":"\"Charte de la construction circulaire\"","description":"","publisher":{"@id":"https:\/\/cbcharta.ch\/en_us\/#organization"},"potentialAction":[{"@type":"SearchAction","target":{"@type":"EntryPoint","urlTemplate":"https:\/\/cbcharta.ch\/en_us\/?s={search_term_string}"},"query-input":{"@type":"PropertyValueSpecification","valueRequired":true,"valueName":"search_term_string"}}],"inLanguage":"fr-FR"},{"@type":"Organization","@id":"https:\/\/cbcharta.ch\/en_us\/#organization","name":"\"Charte de la construction circulaire\"","url":"https:\/\/cbcharta.ch\/en_us\/","logo":{"@type":"ImageObject","inLanguage":"fr-FR","@id":"https:\/\/cbcharta.ch\/en_us\/#\/schema\/logo\/image\/","url":"https:\/\/cbcharta.ch\/wp-content\/uploads\/2023\/06\/cropped-CBC_logo_Blue_DE-1.png","contentUrl":"https:\/\/cbcharta.ch\/wp-content\/uploads\/2023\/06\/cropped-CBC_logo_Blue_DE-1.png","width":1489,"height":900,"caption":"\u00abCharta Kreislauforientiertes Bauen\u00bb"},"image":{"@id":"https:\/\/cbcharta.ch\/en_us\/#\/schema\/logo\/image\/"}}]}},"_links":{"self":[{"href":"https:\/\/cbcharta.ch\/fr_ch\/wp-json\/wp\/v2\/pages\/6520","targetHints":{"allow":["GET"]}}],"collection":[{"href":"https:\/\/cbcharta.ch\/fr_ch\/wp-json\/wp\/v2\/pages"}],"about":[{"href":"https:\/\/cbcharta.ch\/fr_ch\/wp-json\/wp\/v2\/types\/page"}],"author":[{"embeddable":true,"href":"https:\/\/cbcharta.ch\/fr_ch\/wp-json\/wp\/v2\/users\/20"}],"replies":[{"embeddable":true,"href":"https:\/\/cbcharta.ch\/fr_ch\/wp-json\/wp\/v2\/comments?post=6520"}],"version-history":[{"count":49,"href":"https:\/\/cbcharta.ch\/fr_ch\/wp-json\/wp\/v2\/pages\/6520\/revisions"}],"predecessor-version":[{"id":7197,"href":"https:\/\/cbcharta.ch\/fr_ch\/wp-json\/wp\/v2\/pages\/6520\/revisions\/7197"}],"wp:featuredmedia":[{"embeddable":true,"href":"https:\/\/cbcharta.ch\/fr_ch\/wp-json\/wp\/v2\/media\/1841"}],"wp:attachment":[{"href":"https:\/\/cbcharta.ch\/fr_ch\/wp-json\/wp\/v2\/media?parent=6520"}],"curies":[{"name":"wp","href":"https:\/\/api.w.org\/{rel}","templated":true}]}}